{"id":278,"date":"2020-11-04T08:57:43","date_gmt":"2020-11-04T08:57:43","guid":{"rendered":"https:\/\/themes.getmotopress.com\/albatross\/?page_id=278"},"modified":"2026-02-28T14:41:46","modified_gmt":"2026-02-28T14:41:46","slug":"services-de-lhotel","status":"publish","type":"page","link":"https:\/\/larsajardin-de-charme.ma\/en\/services-de-lhotel\/","title":{"rendered":"Wellness &amp; Activities"},"content":{"rendered":"<div data-elementor-type=\"wp-page\" data-elementor-id=\"278\" class=\"elementor elementor-278\">\n\t\t\t\t\t\t<section class=\"elementor-section elementor-top-section elementor-element elementor-element-d20e305 elementor-section-boxed elementor-section-height-default elementor-section-height-default\" data-id=\"d20e305\" data-element_type=\"section\" data-e-type=\"section\">\n\t\t\t\t\t\t<div class=\"elementor-container elementor-column-gap-default\">\n\t\t\t\t\t<div class=\"elementor-column elementor-col-33 elementor-top-column elementor-element elementor-element-5f9671d\" data-id=\"5f9671d\" data-element_type=\"column\" data-e-type=\"column\">\n\t\t\t<div class=\"elementor-widget-wrap elementor-element-populated\">\n\t\t\t\t\t\t<div class=\"elementor-element elementor-element-ef8584c elementor-widget elementor-widget-stratum-flip-box\" data-id=\"ef8584c\" data-element_type=\"widget\" data-e-type=\"widget\" data-widget_type=\"stratum-flip-box.default\">\n\t\t\t\t\t<div class=\"stratum-flip-box flip-box-effect-flip flip-box-direction-right\">\n    <div class=\"stratum-flip-box__inner\">\n        <div class=\"stratum-flip-box__layer stratum-flip-box__front\">\n            <div class=\"stratum-flip-box__layer__overlay\">\n                <div class=\"stratum-flip-box__layer__inner\">\n\t\t\t\t\t<div class='stratum-flip-box__image'><img src='https:\/\/larsajardin-de-charme.ma\/wp-content\/uploads\/2025\/12\/icon-wifi-1.png' class='stratum-flip-box__image wp-image-895' srcset='https:\/\/larsajardin-de-charme.ma\/wp-content\/uploads\/2025\/12\/icon-wifi-1.png 580w, https:\/\/larsajardin-de-charme.ma\/wp-content\/uploads\/2025\/12\/icon-wifi-1-300x284.png 300w, https:\/\/larsajardin-de-charme.ma\/wp-content\/uploads\/2025\/12\/icon-wifi-1-316x300.png 316w'\/><\/div>                    <h3 class=\"stratum-flip-box__title\">WiFi Gratuit<\/h3>\n                    <div class=\"stratum-flip-box__description\"><\/div>\n                <\/div>\n            <\/div>\n        <\/div>\n\n        <div class=\"stratum-flip-box__layer stratum-flip-box__back\">\n            <div class=\"stratum-flip-box__layer__overlay\">\n                <div class=\"stratum-flip-box__layer__inner\">\n\t\t\t\t\t                    <h3 class=\"stratum-flip-box__title\">WiFi Gratuit<\/h3>\n                    <div class=\"stratum-flip-box__description\"><\/div>\n\t\t\t\t\t\t\t\t\t<\/div>\n            <\/div>\n        <\/div>\n    <\/div>\n<\/div>\n\t\t\t\t<\/div>\n\t\t\t\t\t<\/div>\n\t\t<\/div>\n\t\t\t\t<div class=\"elementor-column elementor-col-33 elementor-top-column elementor-element elementor-element-81e4291\" data-id=\"81e4291\" data-element_type=\"column\" data-e-type=\"column\">\n\t\t\t<div class=\"elementor-widget-wrap elementor-element-populated\">\n\t\t\t\t\t\t<div class=\"elementor-element elementor-element-1836fea elementor-widget elementor-widget-stratum-flip-box\" data-id=\"1836fea\" data-element_type=\"widget\" data-e-type=\"widget\" data-widget_type=\"stratum-flip-box.default\">\n\t\t\t\t\t<div class=\"stratum-flip-box flip-box-effect-flip flip-box-direction-right\">\n    <div class=\"stratum-flip-box__inner\">\n        <div class=\"stratum-flip-box__layer stratum-flip-box__front\">\n            <div class=\"stratum-flip-box__layer__overlay\">\n                <div class=\"stratum-flip-box__layer__inner\">\n\t\t\t\t\t<div class='stratum-flip-box__image'><img src='https:\/\/larsajardin-de-charme.ma\/wp-content\/uploads\/2025\/12\/piscine-icon.png' class='stratum-flip-box__image wp-image-899' srcset='https:\/\/larsajardin-de-charme.ma\/wp-content\/uploads\/2025\/12\/piscine-icon.png 580w, https:\/\/larsajardin-de-charme.ma\/wp-content\/uploads\/2025\/12\/piscine-icon-300x284.png 300w, https:\/\/larsajardin-de-charme.ma\/wp-content\/uploads\/2025\/12\/piscine-icon-316x300.png 316w'\/><\/div>                    <h3 class=\"stratum-flip-box__title\">Piscine Privative<\/h3>\n                    <div class=\"stratum-flip-box__description\"><\/div>\n                <\/div>\n            <\/div>\n        <\/div>\n\n        <div class=\"stratum-flip-box__layer stratum-flip-box__back\">\n            <div class=\"stratum-flip-box__layer__overlay\">\n                <div class=\"stratum-flip-box__layer__inner\">\n\t\t\t\t\t                    <h3 class=\"stratum-flip-box__title\">Piscine Privative<\/h3>\n                    <div class=\"stratum-flip-box__description\"><\/div>\n\t\t\t\t\t\t\t\t\t<\/div>\n            <\/div>\n        <\/div>\n    <\/div>\n<\/div>\n\t\t\t\t<\/div>\n\t\t\t\t\t<\/div>\n\t\t<\/div>\n\t\t\t\t<div class=\"elementor-column elementor-col-33 elementor-top-column elementor-element elementor-element-40e87a5\" data-id=\"40e87a5\" data-element_type=\"column\" data-e-type=\"column\">\n\t\t\t<div class=\"elementor-widget-wrap elementor-element-populated\">\n\t\t\t\t\t\t<div class=\"elementor-element elementor-element-60433d2 elementor-widget elementor-widget-stratum-flip-box\" data-id=\"60433d2\" data-element_type=\"widget\" data-e-type=\"widget\" data-widget_type=\"stratum-flip-box.default\">\n\t\t\t\t\t<div class=\"stratum-flip-box flip-box-effect-flip flip-box-direction-right\">\n    <div class=\"stratum-flip-box__inner\">\n        <div class=\"stratum-flip-box__layer stratum-flip-box__front\">\n            <div class=\"stratum-flip-box__layer__overlay\">\n                <div class=\"stratum-flip-box__layer__inner\">\n\t\t\t\t\t<div class='stratum-flip-box__image'><img src='https:\/\/larsajardin-de-charme.ma\/wp-content\/uploads\/2025\/12\/plage-a-proxi.png' class='stratum-flip-box__image wp-image-891' srcset='https:\/\/larsajardin-de-charme.ma\/wp-content\/uploads\/2025\/12\/plage-a-proxi.png 580w, https:\/\/larsajardin-de-charme.ma\/wp-content\/uploads\/2025\/12\/plage-a-proxi-300x284.png 300w, https:\/\/larsajardin-de-charme.ma\/wp-content\/uploads\/2025\/12\/plage-a-proxi-316x300.png 316w'\/><\/div>                    <h3 class=\"stratum-flip-box__title\">Plage \u00e0 Proximit\u00e9<\/h3>\n                    <div class=\"stratum-flip-box__description\"><\/div>\n                <\/div>\n            <\/div>\n        <\/div>\n\n        <div class=\"stratum-flip-box__layer stratum-flip-box__back\">\n            <div class=\"stratum-flip-box__layer__overlay\">\n                <div class=\"stratum-flip-box__layer__inner\">\n\t\t\t\t\t                    <h3 class=\"stratum-flip-box__title\">Plage \u00e0 Proximit\u00e9<\/h3>\n                    <div class=\"stratum-flip-box__description\"><\/div>\n\t\t\t\t\t\t\t\t\t<\/div>\n            <\/div>\n        <\/div>\n    <\/div>\n<\/div>\n\t\t\t\t<\/div>\n\t\t\t\t\t<\/div>\n\t\t<\/div>\n\t\t\t\t\t<\/div>\n\t\t<\/section>\n\t\t\t\t<section class=\"elementor-section elementor-top-section elementor-element elementor-element-8315e78 elementor-section-boxed elementor-section-height-default elementor-section-height-default\" data-id=\"8315e78\" data-element_type=\"section\" data-e-type=\"section\">\n\t\t\t\t\t\t<div class=\"elementor-container elementor-column-gap-default\">\n\t\t\t\t\t<div class=\"elementor-column elementor-col-33 elementor-top-column elementor-element elementor-element-0549b4b\" data-id=\"0549b4b\" data-element_type=\"column\" data-e-type=\"column\">\n\t\t\t<div class=\"elementor-widget-wrap elementor-element-populated\">\n\t\t\t\t\t\t<div class=\"elementor-element elementor-element-c9488c9 elementor-widget elementor-widget-stratum-flip-box\" data-id=\"c9488c9\" data-element_type=\"widget\" data-e-type=\"widget\" data-widget_type=\"stratum-flip-box.default\">\n\t\t\t\t\t<div class=\"stratum-flip-box flip-box-effect-flip flip-box-direction-right\">\n    <div class=\"stratum-flip-box__inner\">\n        <div class=\"stratum-flip-box__layer stratum-flip-box__front\">\n            <div class=\"stratum-flip-box__layer__overlay\">\n                <div class=\"stratum-flip-box__layer__inner\">\n\t\t\t\t\t<div class='stratum-flip-box__image'><img src='https:\/\/larsajardin-de-charme.ma\/wp-content\/uploads\/2025\/12\/confort-icon.png' class='stratum-flip-box__image wp-image-903' srcset='https:\/\/larsajardin-de-charme.ma\/wp-content\/uploads\/2025\/12\/confort-icon.png 580w, https:\/\/larsajardin-de-charme.ma\/wp-content\/uploads\/2025\/12\/confort-icon-300x284.png 300w, https:\/\/larsajardin-de-charme.ma\/wp-content\/uploads\/2025\/12\/confort-icon-316x300.png 316w'\/><\/div>                    <h3 class=\"stratum-flip-box__title\">Confort<\/h3>\n                    <div class=\"stratum-flip-box__description\"><\/div>\n                <\/div>\n            <\/div>\n        <\/div>\n\n        <div class=\"stratum-flip-box__layer stratum-flip-box__back\">\n            <div class=\"stratum-flip-box__layer__overlay\">\n                <div class=\"stratum-flip-box__layer__inner\">\n\t\t\t\t\t                    <h3 class=\"stratum-flip-box__title\">Confort<\/h3>\n                    <div class=\"stratum-flip-box__description\"><\/div>\n\t\t\t\t\t\t\t\t\t<\/div>\n            <\/div>\n        <\/div>\n    <\/div>\n<\/div>\n\t\t\t\t<\/div>\n\t\t\t\t\t<\/div>\n\t\t<\/div>\n\t\t\t\t<div class=\"elementor-column elementor-col-33 elementor-top-column elementor-element elementor-element-ebb4ec4\" data-id=\"ebb4ec4\" data-element_type=\"column\" data-e-type=\"column\">\n\t\t\t<div class=\"elementor-widget-wrap elementor-element-populated\">\n\t\t\t\t\t\t<div class=\"elementor-element elementor-element-f18ee7a elementor-widget elementor-widget-stratum-flip-box\" data-id=\"f18ee7a\" data-element_type=\"widget\" data-e-type=\"widget\" data-widget_type=\"stratum-flip-box.default\">\n\t\t\t\t\t<div class=\"stratum-flip-box flip-box-effect-flip flip-box-direction-right\">\n    <div class=\"stratum-flip-box__inner\">\n        <div class=\"stratum-flip-box__layer stratum-flip-box__front\">\n            <div class=\"stratum-flip-box__layer__overlay\">\n                <div class=\"stratum-flip-box__layer__inner\">\n\t\t\t\t\t<div class='stratum-flip-box__image'><img src='https:\/\/larsajardin-de-charme.ma\/wp-content\/uploads\/2025\/12\/potage-icon.png' class='stratum-flip-box__image wp-image-907' srcset='https:\/\/larsajardin-de-charme.ma\/wp-content\/uploads\/2025\/12\/potage-icon.png 580w, https:\/\/larsajardin-de-charme.ma\/wp-content\/uploads\/2025\/12\/potage-icon-300x284.png 300w, https:\/\/larsajardin-de-charme.ma\/wp-content\/uploads\/2025\/12\/potage-icon-316x300.png 316w'\/><\/div>                    <h3 class=\"stratum-flip-box__title\">Potager Authentique<\/h3>\n                    <div class=\"stratum-flip-box__description\"><\/div>\n                <\/div>\n            <\/div>\n        <\/div>\n\n        <div class=\"stratum-flip-box__layer stratum-flip-box__back\">\n            <div class=\"stratum-flip-box__layer__overlay\">\n                <div class=\"stratum-flip-box__layer__inner\">\n\t\t\t\t\t                    <h3 class=\"stratum-flip-box__title\"><\/h3>\n                    <div class=\"stratum-flip-box__description\"><p>Le potager nous offre que des produits de saison <br \/>Fruits , l\u00e9gumes et herbes aromatiques sont destin\u00e9s \u00e0 la ventes.<\/p><\/div>\n\t\t\t\t\t\t\t\t\t<\/div>\n            <\/div>\n        <\/div>\n    <\/div>\n<\/div>\n\t\t\t\t<\/div>\n\t\t\t\t\t<\/div>\n\t\t<\/div>\n\t\t\t\t<div class=\"elementor-column elementor-col-33 elementor-top-column elementor-element elementor-element-1b09bac\" data-id=\"1b09bac\" data-element_type=\"column\" data-e-type=\"column\">\n\t\t\t<div class=\"elementor-widget-wrap elementor-element-populated\">\n\t\t\t\t\t\t<div class=\"elementor-element elementor-element-fec4d60 elementor-widget elementor-widget-stratum-flip-box\" data-id=\"fec4d60\" data-element_type=\"widget\" data-e-type=\"widget\" data-widget_type=\"stratum-flip-box.default\">\n\t\t\t\t\t<div class=\"stratum-flip-box flip-box-effect-flip flip-box-direction-right\">\n    <div class=\"stratum-flip-box__inner\">\n        <div class=\"stratum-flip-box__layer stratum-flip-box__front\">\n            <div class=\"stratum-flip-box__layer__overlay\">\n                <div class=\"stratum-flip-box__layer__inner\">\n\t\t\t\t\t<div class='stratum-flip-box__image'><img src='https:\/\/larsajardin-de-charme.ma\/wp-content\/uploads\/2025\/12\/restauration-icon.png' class='stratum-flip-box__image wp-image-911' srcset='https:\/\/larsajardin-de-charme.ma\/wp-content\/uploads\/2025\/12\/restauration-icon.png 580w, https:\/\/larsajardin-de-charme.ma\/wp-content\/uploads\/2025\/12\/restauration-icon-300x284.png 300w, https:\/\/larsajardin-de-charme.ma\/wp-content\/uploads\/2025\/12\/restauration-icon-316x300.png 316w'\/><\/div>                    <h3 class=\"stratum-flip-box__title\">Restauration<\/h3>\n                    <div class=\"stratum-flip-box__description\"><p>(Sur demande)<\/p><\/div>\n                <\/div>\n            <\/div>\n        <\/div>\n\n        <div class=\"stratum-flip-box__layer stratum-flip-box__back\">\n            <div class=\"stratum-flip-box__layer__overlay\">\n                <div class=\"stratum-flip-box__layer__inner\">\n\t\t\t\t\t                    <h3 class=\"stratum-flip-box__title\">Restauration<\/h3>\n                    <div class=\"stratum-flip-box__description\"><p>(Sur demande)<\/p><\/div>\n\t\t\t\t\t\t\t\t\t<\/div>\n            <\/div>\n        <\/div>\n    <\/div>\n<\/div>\n\t\t\t\t<\/div>\n\t\t\t\t\t<\/div>\n\t\t<\/div>\n\t\t\t\t\t<\/div>\n\t\t<\/section>\n\t\t\t\t<\/div>","protected":false},"excerpt":{"rendered":"<p>Well-being at L'\u00c2rsa is all about what you want.<\/p>","protected":false},"author":1,"featured_media":802,"parent":0,"menu_order":0,"comment_status":"closed","ping_status":"closed","template":"template-page-wide.php","meta":{"inline_featured_image":false,"_glsr_average":0,"_glsr_ranking":0,"_glsr_reviews":0,"footnotes":""},"class_list":["post-278","page","type-page","status-publish","has-post-thumbnail","hentry"],"_hostinger_reach_plugin_has_subscription_block":false,"_hostinger_reach_plugin_is_elementor":false,"_links":{"self":[{"href":"https:\/\/larsajardin-de-charme.ma\/en\/wp-json\/wp\/v2\/pages\/278","targetHints":{"allow":["GET"]}}],"collection":[{"href":"https:\/\/larsajardin-de-charme.ma\/en\/wp-json\/wp\/v2\/pages"}],"about":[{"href":"https:\/\/larsajardin-de-charme.ma\/en\/wp-json\/wp\/v2\/types\/page"}],"author":[{"embeddable":true,"href":"https:\/\/larsajardin-de-charme.ma\/en\/wp-json\/wp\/v2\/users\/1"}],"replies":[{"embeddable":true,"href":"https:\/\/larsajardin-de-charme.ma\/en\/wp-json\/wp\/v2\/comments?post=278"}],"version-history":[{"count":69,"href":"https:\/\/larsajardin-de-charme.ma\/en\/wp-json\/wp\/v2\/pages\/278\/revisions"}],"predecessor-version":[{"id":1207,"href":"https:\/\/larsajardin-de-charme.ma\/en\/wp-json\/wp\/v2\/pages\/278\/revisions\/1207"}],"wp:featuredmedia":[{"embeddable":true,"href":"https:\/\/larsajardin-de-charme.ma\/en\/wp-json\/wp\/v2\/media\/802"}],"wp:attachment":[{"href":"https:\/\/larsajardin-de-charme.ma\/en\/wp-json\/wp\/v2\/media?parent=278"}],"curies":[{"name":"wp","href":"https:\/\/api.w.org\/{rel}","templated":true}]}}