{"id":210,"date":"2020-11-04T00:17:25","date_gmt":"2020-11-04T00:17:25","guid":{"rendered":"https:\/\/themes.getmotopress.com\/albatross\/?page_id=210"},"modified":"2026-02-25T10:21:26","modified_gmt":"2026-02-25T10:21:26","slug":"about","status":"publish","type":"page","link":"https:\/\/larsajardin-de-charme.ma\/en\/about\/","title":{"rendered":"About L'\u00c2rsa"},"content":{"rendered":"<div data-elementor-type=\"wp-page\" data-elementor-id=\"210\" class=\"elementor elementor-210\">\n\t\t\t\t\t\t<section class=\"elementor-section elementor-top-section elementor-element elementor-element-b738728 elementor-section-boxed elementor-section-height-default elementor-section-height-default\" data-id=\"b738728\" data-element_type=\"section\" data-e-type=\"section\">\n\t\t\t\t\t\t<div class=\"elementor-container elementor-column-gap-default\">\n\t\t\t\t\t<div class=\"elementor-column elementor-col-50 elementor-top-column elementor-element elementor-element-3a1dacf\" data-id=\"3a1dacf\" data-element_type=\"column\" data-e-type=\"column\">\n\t\t\t<div class=\"elementor-widget-wrap elementor-element-populated\">\n\t\t\t\t\t\t<div class=\"elementor-element elementor-element-289d431 elementor-widget elementor-widget-image\" data-id=\"289d431\" data-element_type=\"widget\" data-e-type=\"widget\" data-widget_type=\"image.default\">\n\t\t\t\t\t\t\t\t\t\t\t\t\t\t\t<img fetchpriority=\"high\" decoding=\"async\" width=\"960\" height=\"1280\" src=\"https:\/\/larsajardin-de-charme.ma\/wp-content\/uploads\/2025\/11\/WhatsApp-Image-2025-10-10-at-14.46.15-1.jpeg\" class=\"attachment-full size-full wp-image-557\" alt=\"\" srcset=\"https:\/\/larsajardin-de-charme.ma\/wp-content\/uploads\/2025\/11\/WhatsApp-Image-2025-10-10-at-14.46.15-1.jpeg 960w, https:\/\/larsajardin-de-charme.ma\/wp-content\/uploads\/2025\/11\/WhatsApp-Image-2025-10-10-at-14.46.15-1-225x300.jpeg 225w, https:\/\/larsajardin-de-charme.ma\/wp-content\/uploads\/2025\/11\/WhatsApp-Image-2025-10-10-at-14.46.15-1-768x1024.jpeg 768w\" sizes=\"(max-width: 960px) 100vw, 960px\" \/>\t\t\t\t\t\t\t\t\t\t\t\t\t\t\t<\/div>\n\t\t\t\t\t<\/div>\n\t\t<\/div>\n\t\t\t\t<div class=\"elementor-column elementor-col-50 elementor-top-column elementor-element elementor-element-5f6f1d3\" data-id=\"5f6f1d3\" data-element_type=\"column\" data-e-type=\"column\">\n\t\t\t<div class=\"elementor-widget-wrap elementor-element-populated\">\n\t\t\t\t\t\t<div class=\"elementor-element elementor-element-9113c74 elementor-widget elementor-widget-text-editor\" data-id=\"9113c74\" data-element_type=\"widget\" data-e-type=\"widget\" data-widget_type=\"text-editor.default\">\n\t\t\t\t\t\t\t\t\t<p>\u00a0<\/p><p class=\"ds-markdown-paragraph\">L\u2019int\u00e9rieur refl\u00e8te un style minimaliste, \u00e0 la fois sobre et chaleureux. Un espace ouvert et lumineux avec des mat\u00e9riaux nobles comme le bois massif, la pierre naturelle et les enduits \u00e0 la chaux.<br \/>Le mobilier privil\u00e9gie le bien-\u00eatre tandis que les mat\u00e9riaux naturels apportent chaleur et douceur. Dans les salles de bains, le linge en coton, doux et g\u00e9n\u00e9reux offre une \u00e9l\u00e9gance \u00e0 chaque s\u00e9jour.<\/p>\t\t\t\t\t\t\t\t<\/div>\n\t\t\t\t\t<\/div>\n\t\t<\/div>\n\t\t\t\t\t<\/div>\n\t\t<\/section>\n\t\t\t\t<section class=\"elementor-section elementor-top-section elementor-element elementor-element-5d8426f elementor-section-boxed elementor-section-height-default elementor-section-height-default\" data-id=\"5d8426f\" data-element_type=\"section\" data-e-type=\"section\">\n\t\t\t\t\t\t<div class=\"elementor-container elementor-column-gap-default\">\n\t\t\t\t\t<div class=\"elementor-column elementor-col-100 elementor-top-column elementor-element elementor-element-6018175\" data-id=\"6018175\" data-element_type=\"column\" data-e-type=\"column\">\n\t\t\t<div class=\"elementor-widget-wrap elementor-element-populated\">\n\t\t\t\t\t\t<div class=\"elementor-element elementor-element-8f9dc75 elementor-widget elementor-widget-image\" data-id=\"8f9dc75\" data-element_type=\"widget\" data-e-type=\"widget\" data-widget_type=\"image.default\">\n\t\t\t\t\t\t\t\t\t\t\t\t\t\t\t<img decoding=\"async\" width=\"1280\" height=\"853\" src=\"https:\/\/larsajardin-de-charme.ma\/wp-content\/uploads\/2025\/11\/WhatsApp-Image-2025-10-10-at-14.47.20-2.jpeg\" class=\"attachment-full size-full wp-image-561\" alt=\"\" srcset=\"https:\/\/larsajardin-de-charme.ma\/wp-content\/uploads\/2025\/11\/WhatsApp-Image-2025-10-10-at-14.47.20-2.jpeg 1280w, https:\/\/larsajardin-de-charme.ma\/wp-content\/uploads\/2025\/11\/WhatsApp-Image-2025-10-10-at-14.47.20-2-300x200.jpeg 300w, https:\/\/larsajardin-de-charme.ma\/wp-content\/uploads\/2025\/11\/WhatsApp-Image-2025-10-10-at-14.47.20-2-1024x682.jpeg 1024w, https:\/\/larsajardin-de-charme.ma\/wp-content\/uploads\/2025\/11\/WhatsApp-Image-2025-10-10-at-14.47.20-2-768x512.jpeg 768w, https:\/\/larsajardin-de-charme.ma\/wp-content\/uploads\/2025\/11\/WhatsApp-Image-2025-10-10-at-14.47.20-2-450x300.jpeg 450w\" sizes=\"(max-width: 1280px) 100vw, 1280px\" \/>\t\t\t\t\t\t\t\t\t\t\t\t\t\t\t<\/div>\n\t\t\t\t<div class=\"elementor-element elementor-element-dfc3248 elementor-widget elementor-widget-image\" data-id=\"dfc3248\" data-element_type=\"widget\" data-e-type=\"widget\" data-widget_type=\"image.default\">\n\t\t\t\t\t\t\t\t\t\t\t\t\t\t\t<img decoding=\"async\" width=\"864\" height=\"864\" src=\"https:\/\/larsajardin-de-charme.ma\/wp-content\/uploads\/2025\/12\/confort-carre-1.png\" class=\"attachment-full size-full wp-image-1026\" alt=\"\" srcset=\"https:\/\/larsajardin-de-charme.ma\/wp-content\/uploads\/2025\/12\/confort-carre-1.png 864w, https:\/\/larsajardin-de-charme.ma\/wp-content\/uploads\/2025\/12\/confort-carre-1-300x300.png 300w, https:\/\/larsajardin-de-charme.ma\/wp-content\/uploads\/2025\/12\/confort-carre-1-150x150.png 150w, https:\/\/larsajardin-de-charme.ma\/wp-content\/uploads\/2025\/12\/confort-carre-1-768x768.png 768w\" sizes=\"(max-width: 864px) 100vw, 864px\" \/>\t\t\t\t\t\t\t\t\t\t\t\t\t\t\t<\/div>\n\t\t\t\t\t<\/div>\n\t\t<\/div>\n\t\t\t\t\t<\/div>\n\t\t<\/section>\n\t\t\t\t<section class=\"elementor-section elementor-top-section elementor-element elementor-element-8177b9b elementor-section-boxed elementor-section-height-default elementor-section-height-default\" data-id=\"8177b9b\" data-element_type=\"section\" data-e-type=\"section\">\n\t\t\t\t\t\t<div class=\"elementor-container elementor-column-gap-default\">\n\t\t\t\t\t<div class=\"elementor-column elementor-col-33 elementor-top-column elementor-element elementor-element-2003bce\" data-id=\"2003bce\" data-element_type=\"column\" data-e-type=\"column\">\n\t\t\t<div class=\"elementor-widget-wrap elementor-element-populated\">\n\t\t\t\t\t\t<div class=\"elementor-element elementor-element-e42d8ed elementor-widget elementor-widget-heading\" data-id=\"e42d8ed\" data-element_type=\"widget\" data-e-type=\"widget\" data-widget_type=\"heading.default\">\n\t\t\t\t\t<h6 class=\"elementor-heading-title elementor-size-default\">Villa L'\u00c2rsa<\/h6>\t\t\t\t<\/div>\n\t\t\t\t\t<\/div>\n\t\t<\/div>\n\t\t\t\t<div class=\"elementor-column elementor-col-33 elementor-top-column elementor-element elementor-element-483e43d\" data-id=\"483e43d\" data-element_type=\"column\" data-e-type=\"column\">\n\t\t\t<div class=\"elementor-widget-wrap elementor-element-populated\">\n\t\t\t\t\t\t<div class=\"elementor-element elementor-element-c3dc33c elementor-widget elementor-widget-text-editor\" data-id=\"c3dc33c\" data-element_type=\"widget\" data-e-type=\"widget\" data-widget_type=\"text-editor.default\">\n\t\t\t\t\t\t\t\t\t<p>Les trois chambres sont climatis\u00e9es et dot\u00e9es d\u2019un po\u00eale \u00e0 bois et une chemin\u00e9e . <br \/>La villa offre une piscine privative et de jolis jardins ornementaux.<\/p>\t\t\t\t\t\t\t\t<\/div>\n\t\t\t\t\t<\/div>\n\t\t<\/div>\n\t\t\t\t<div class=\"elementor-column elementor-col-33 elementor-top-column elementor-element elementor-element-c7f20b5\" data-id=\"c7f20b5\" data-element_type=\"column\" data-e-type=\"column\">\n\t\t\t<div class=\"elementor-widget-wrap elementor-element-populated\">\n\t\t\t\t\t\t<div class=\"elementor-element elementor-element-8152b94 elementor-widget elementor-widget-text-editor\" data-id=\"8152b94\" data-element_type=\"widget\" data-e-type=\"widget\" data-widget_type=\"text-editor.default\">\n\t\t\t\t\t\t\t\t\t<p>L\u2019ensemble offrant une piscines et de jolis jardins.<\/p>\t\t\t\t\t\t\t\t<\/div>\n\t\t\t\t\t<\/div>\n\t\t<\/div>\n\t\t\t\t\t<\/div>\n\t\t<\/section>\n\t\t\t\t<\/div>","protected":false},"excerpt":{"rendered":"<p>Douce Oisivet\u00e9, Evasion Intemporelle.<\/p>","protected":false},"author":1,"featured_media":801,"parent":0,"menu_order":0,"comment_status":"closed","ping_status":"closed","template":"template-page-full-width.php","meta":{"inline_featured_image":false,"_glsr_average":0,"_glsr_ranking":0,"_glsr_reviews":0,"footnotes":""},"class_list":["post-210","page","type-page","status-publish","has-post-thumbnail","hentry"],"_hostinger_reach_plugin_has_subscription_block":false,"_hostinger_reach_plugin_is_elementor":false,"_links":{"self":[{"href":"https:\/\/larsajardin-de-charme.ma\/en\/wp-json\/wp\/v2\/pages\/210","targetHints":{"allow":["GET"]}}],"collection":[{"href":"https:\/\/larsajardin-de-charme.ma\/en\/wp-json\/wp\/v2\/pages"}],"about":[{"href":"https:\/\/larsajardin-de-charme.ma\/en\/wp-json\/wp\/v2\/types\/page"}],"author":[{"embeddable":true,"href":"https:\/\/larsajardin-de-charme.ma\/en\/wp-json\/wp\/v2\/users\/1"}],"replies":[{"embeddable":true,"href":"https:\/\/larsajardin-de-charme.ma\/en\/wp-json\/wp\/v2\/comments?post=210"}],"version-history":[{"count":48,"href":"https:\/\/larsajardin-de-charme.ma\/en\/wp-json\/wp\/v2\/pages\/210\/revisions"}],"predecessor-version":[{"id":1178,"href":"https:\/\/larsajardin-de-charme.ma\/en\/wp-json\/wp\/v2\/pages\/210\/revisions\/1178"}],"wp:featuredmedia":[{"embeddable":true,"href":"https:\/\/larsajardin-de-charme.ma\/en\/wp-json\/wp\/v2\/media\/801"}],"wp:attachment":[{"href":"https:\/\/larsajardin-de-charme.ma\/en\/wp-json\/wp\/v2\/media?parent=210"}],"curies":[{"name":"wp","href":"https:\/\/api.w.org\/{rel}","templated":true}]}}